{"id":14,"date":"2020-08-07T17:24:33","date_gmt":"2020-08-07T17:24:33","guid":{"rendered":"https:\/\/www.gowerproject.co.uk\/?page_id=14"},"modified":"2020-11-04T12:04:13","modified_gmt":"2020-11-04T12:04:13","slug":"badger-vaccination","status":"publish","type":"page","link":"https:\/\/gowerproject.co.uk\/cy\/badger-vaccination\/","title":{"rendered":"Brechu Moch Daear"},"content":{"rendered":"<p><b>Brechu Moch Daear<span class=\"Apple-converted-space\">\u00a0<\/span><\/b><\/p>\n<p>Mae brechu moch daear yn erbyn bTB yn biler canolog yn strategaeth Prosiect Y Gwyr i reoli'r afiechyd i gefnogi ffermwyr a bywyd gwyllt.<span class=\"Apple-converted-space\">\u00a0<\/span><\/p>\n<p>Mae'r rhaglen frechu yn cael ei harwain gan Cefn Gwlad Solutions Ltd, cwmni newydd a sefydlwyd i ddatblygu cynllun hyfyw a chost-effeithiol ar gyfer brechu a gwell rheolaethau gwartheg ar G\u0175yr. <span class=\"Apple-converted-space\">\u00a0<\/span><\/p>\n<p>Cam un y strategaeth oedd arolwg moch daear a gynhaliwyd yn 2018. Sefydlodd fod 100 o brif setiau a rhwng 300 - 600 o foch daear yn byw ar G\u0175yr. <span class=\"Apple-converted-space\">\u00a0<\/span><\/p>\n<p>Cam dau, a ddechreuodd yn 2019 yw brechu.<span class=\"Apple-converted-space\">\u00a0<\/span><\/p>\n<p>Mae 200 o foch daear wedi cael eu brechu\u2019n llwyddiannus hyd yma ac erbyn diwedd 2019, rydym yn anelu at fod wedi brechu 300 -500.<span class=\"Apple-converted-space\">\u00a0<\/span><\/p>\n<p><b>Yngl\u0177n \u00e2'r broses frechu<span class=\"Apple-converted-space\">\u00a0<\/span><\/b><\/p>\n<p>Bydd y rhaglen frechu yn helpu i gynyddu imiwnedd i bTB o fewn poblogaeth moch daear Gower. Mae'n rhesymol disgwyl y byddai'r boblogaeth moch daear sydd wedi'u brechu yn cael eu hamddiffyn fwyfwy yn imiwnolegol rhag risg TB rhag buchesi sy'n chwalu.<\/p>\n<p>Mae'r Broses Brechu wedi'i rhannu'n dri cham:<\/p>\n<p>1. Arolwg ardal tasgau<br \/>\n2. Cyn abwyd<br \/>\n3. Trapio a brechu<\/p>\n<p><b>Cam 1 - Arolwg Ardal Tasg<\/b><\/p>\n<p>Nododd yr arolwg cychwynnol yn 2018 setiau a moch bach moch daear. Cadarnheir y wybodaeth hon cyn nodi unrhyw drapiau i sicrhau ein bod yn ystyried unrhyw weithgaredd moch daear newydd yn yr ardal.<\/p>\n<p><b>Cam 2- Cyn-abwyd<\/b><\/p>\n<p>Mae'r rhan hon o'r broses yn dechrau gyda defnyddio trapiau cawell cymeradwy. Mae'r lleoliad yn cael ei lywio gan y wybodaeth a gafwyd yn ystod yr arolwg a chymerir gofal i osgoi dod i gysylltiad diangen \u00e2'r elfennau ar gyfer anifeiliaid sydd wedi'u trapio ac i osgoi aflonyddwch gan anifeiliaid neu anifeiliaid eraill. Mae trapiau wedi'u lleoli a'u cloddio yn unol \u00e2'n Gweithdrefnau Gweithredu Safonol (SOP).<\/p>\n<p>Mae lleoliad y trapiau hyn yn cael ei gofnodi ar fap \u201cTrap\u201d cae a'i gofnodi gan GPS llaw. Ar \u00f4l cael eu lleoli, mae trapiau wedi'u sicrhau ar agor ac rydym yn cychwyn ar gyfnod o abwydo ymlaen llaw.<\/p>\n<p>Mae'r cyn-abwyd yn gyfnod sy'n caniat\u00e1u i foch daear ddod yn gyfarwydd \u00e2 mynd i mewn i'r trapiau ac fel arfer mae'n para rhwng 5 a 7 diwrnod pan ymwelir \u00e2'r trapiau bob dydd a'r abwyd yn cael ei ailgyflenwi os oes angen.<\/p>\n<p><b>Cam 3 -Trapio a Brechu<\/b><\/p>\n<p>Ar ddiwedd y cyfnod cyn abwyd, mae'r trapiau wedi'u gosod (yn hwyr gyda'r nos) i ddal ac ymwelir \u00e2 nhw ar y golau cyntaf y bore wedyn. Asesir anifeiliaid wedi'u dal gan ein staff profiadol er mwyn cael ffitrwydd i gael eu brechu. Os bernir eu bod yn ffit, c\u00e2nt eu brechu a'u rhyddhau.<span class=\"Apple-converted-space\">\u00a0<\/span><\/p>\n<p>Cofnodir manylion y brechlyn a'r swp diwyd a ddefnyddir i gydymffurfio \u00e2 gwyliadwriaeth fferyllol, ynghyd \u00e2 manylion gofynnol eraill megis amser; nifer y moch daear, y lleoliad a'r brechwr ac ati.<\/p>\n<p>Ailadroddir y broses hon y noson nesaf a'r bore canlynol, asesir unrhyw ail-ddaliadau ac os c\u00e2nt eu rhyddhau ar unwaith. Mae unrhyw anifeiliaid newydd yn cael eu hasesu a'u brechu.<span class=\"Apple-converted-space\">\u00a0<\/span><\/p>\n<p>Yna caiff cewyll eu tynnu o'u safleoedd a'u dychwelyd i'r depo i'w diheintio (Rydym yn defnyddio FAM30, diheintydd a gymeradwywyd gan DEFRA ar gyfer bTB) a'u glanhau gyda glanhawr st\u00eam cyn ei ail-leoli.<span class=\"Apple-converted-space\">\u00a0<\/span><\/p>\n<p>Rhan olaf y trap-up yw recordio ac archifo'r data a gynhyrchir. Mae hyn yn sicrhau ein bod yn cydymffurfio \u00e2 gweithdrefnau trwyddedu ac ardystio yn ogystal \u00e2 chaniat\u00e1u inni fonitro newidiadau mewn cyfraddau dal ar ddaliadau penodol ac ar draws yr ardal ehangach, sy'n ddefnyddiol wrth fonitro llwyddiant lleoli.<\/p>\n<p>&nbsp;<\/p>","protected":false},"excerpt":{"rendered":"<p>Badger vaccination\u00a0 The vaccination of badgers against bTB is a central pillar of The Gower Project\u2019s strategy to control the disease in support of farmers and wildlife.\u00a0 The vaccination programme is being led by Cefn Gwlad Solutions Ltd, a new company set up to develop a viable and cost-effective plan for both vaccination and enhanced &hellip; <\/p>\n<p class=\"link-more\"><a href=\"https:\/\/gowerproject.co.uk\/cy\/badger-vaccination\/\" class=\"more-link\">Parhau i ddarllen<span class=\"screen-reader-text\"> &#8220;Badger Vaccination&#8221;<\/span><\/a><\/p>","protected":false},"author":1,"featured_media":0,"parent":0,"menu_order":0,"comment_status":"closed","ping_status":"closed","template":"","meta":[],"_links":{"self":[{"href":"https:\/\/gowerproject.co.uk\/cy\/wp-json\/wp\/v2\/pages\/14"}],"collection":[{"href":"https:\/\/gowerproject.co.uk\/cy\/wp-json\/wp\/v2\/pages"}],"about":[{"href":"https:\/\/gowerproject.co.uk\/cy\/wp-json\/wp\/v2\/types\/page"}],"author":[{"embeddable":true,"href":"https:\/\/gowerproject.co.uk\/cy\/wp-json\/wp\/v2\/users\/1"}],"replies":[{"embeddable":true,"href":"https:\/\/gowerproject.co.uk\/cy\/wp-json\/wp\/v2\/comments?post=14"}],"version-history":[{"count":8,"href":"https:\/\/gowerproject.co.uk\/cy\/wp-json\/wp\/v2\/pages\/14\/revisions"}],"predecessor-version":[{"id":124,"href":"https:\/\/gowerproject.co.uk\/cy\/wp-json\/wp\/v2\/pages\/14\/revisions\/124"}],"wp:attachment":[{"href":"https:\/\/gowerproject.co.uk\/cy\/wp-json\/wp\/v2\/media?parent=14"}],"curies":[{"name":"wp","href":"https:\/\/api.w.org\/{rel}","templated":true}]}}